{"id":111,"date":"2023-02-17T11:15:35","date_gmt":"2023-02-17T11:15:35","guid":{"rendered":"https:\/\/alukas.presslayouts.com\/dummy\/?page_id=111"},"modified":"2024-09-21T20:24:11","modified_gmt":"2024-09-21T20:24:11","slug":"about-us","status":"publish","type":"page","link":"http:\/\/oritalia.ca\/fr\/about-us\/","title":{"rendered":"\u00c0 propos de nous"},"content":{"rendered":"<div data-elementor-type=\"wp-page\" data-elementor-id=\"111\" class=\"elementor elementor-111\">\n\t\t\t\t\t\t<section class=\"elementor-section elementor-top-section elementor-element elementor-element-37c22e5 elementor-section-full_width elementor-section-height-min-height elementor-section-height-default elementor-section-items-middle\" data-id=\"37c22e5\" data-element_type=\"section\" data-e-type=\"section\" data-settings=\"{&quot;background_background&quot;:&quot;classic&quot;}\">\n\t\t\t\t\t\t<div class=\"elementor-container elementor-column-gap-no\">\n\t\t\t\t\t<div class=\"elementor-column elementor-col-100 elementor-top-column elementor-element elementor-element-27e76b7\" data-id=\"27e76b7\" data-element_type=\"column\" data-e-type=\"column\" data-settings=\"{&quot;background_background&quot;:&quot;classic&quot;}\">\n\t\t\t<div class=\"elementor-widget-wrap\">\n\t\t\t\t\t\t\t<\/div>\n\t\t<\/div>\n\t\t\t\t\t<\/div>\n\t\t<\/section>\n\t\t\t\t<section class=\"elementor-section elementor-top-section elementor-element elementor-element-92ce7bb elementor-section-boxed elementor-section-height-default elementor-section-height-default\" data-id=\"92ce7bb\" data-element_type=\"section\" data-e-type=\"section\">\n\t\t\t\t\t\t<div class=\"elementor-container elementor-column-gap-default\">\n\t\t\t\t\t<div class=\"elementor-column elementor-col-100 elementor-top-column elementor-element elementor-element-eb0b12f\" data-id=\"eb0b12f\" data-element_type=\"column\" data-e-type=\"column\">\n\t\t\t<div class=\"elementor-widget-wrap elementor-element-populated\">\n\t\t\t\t\t\t<div class=\"elementor-element elementor-element-b51a368 elementor-widget elementor-widget-pls-heading\" data-id=\"b51a368\" data-element_type=\"widget\" data-e-type=\"widget\" data-widget_type=\"pls-heading.default\">\n\t\t\t\t<div class=\"elementor-widget-container\">\n\t\t\t\t\t<div id=\"pls-header-26733\" class=\"pls-element pls-heading pls-text-center separator-none\">\t\n\t\t\t\n\t\t\t<div class=\"heading-wrap\">\n\t\t\t<span class=\"separator-left\"><\/span>\n\t\t\t<h2 class=\"heading-title\">Sergio Porcari, Ma\u00eetre Joaillier<\/h2>\t\t\t<span class=\"separator-right\"><\/span>\n\t\t\t\t\t<\/div>\n\t\t\n    \t\t<div class=\"heading-tagline\"> Nich\u00e9 dans la Petite Italie de Montr\u00e9al, Oritalia Jewellers est une destination privil\u00e9gi\u00e9e pour les\nclients exigeants depuis 1986. Sp\u00e9cialis\u00e9e dans les pi\u00e8ces uniques et de haute qualit\u00e9, Oritalia\npropose une vaste collection de bijoux, fabriqu\u00e9s avec pr\u00e9cision et talent artistique. Derri\u00e8re\nl'\u00e9l\u00e9gante salle d'exposition, le ma\u00eetre joaillier Sergio Porcari donne vie \u00e0 des d\u00e9cennies\nd'expertise, en utilisant les meilleurs outils et techniques. Originaire de Valenza, en Italie, un\n\u00e9picentre renomm\u00e9 du commerce mondial de la bijouterie, le voyage de Sergio a commenc\u00e9\ndans une ville o\u00f9 l'artisanat est un mode de vie. Inspir\u00e9 par un voisin talentueux, il choisit de\npoursuivre sa passion pour la fabrication de bijoux, malgr\u00e9 le souhait de ses parents de lui faire\n\u00e9tudier la comptabilit\u00e9. \n<br><br>\nAujourd'hui, avec plus de cinq d\u00e9cennies d'exp\u00e9rience, Sergio a sans aucun doute prouv\u00e9 que sa d\u00e9cision \u00e9tait la bonne.\n\nDipl\u00f4m\u00e9 du prestigieux Institut national d'art Benvenuto Cellini de Valenza, Sergio s'impose rapidement. \u00c0 seulement 22 ans, en 1968, il a jou\u00e9 un r\u00f4le central dans la cr\u00e9ation d'un collier qui a remport\u00e9 l'International Diamond Award, consacrant 975 heures de travail m\u00e9ticuleux pour donner vie au design. En 1971, Sergio a commenc\u00e9 \u00e0 travailler seul en Italie puis en 1977, Sergio a amen\u00e9 ses talents \u00e0 Montr\u00e9al, o\u00f9 il a continu\u00e9 \u00e0 perfectionner ses comp\u00e9tences et \u00e0 se b\u00e2tir une client\u00e8le fid\u00e8le. <\/div>\n\t<\/div>\t\t\t\t<\/div>\n\t\t\t\t<\/div>\n\t\t\t\t\t<\/div>\n\t\t<\/div>\n\t\t\t\t\t<\/div>\n\t\t<\/section>\n\t\t\t\t<section class=\"elementor-section elementor-top-section elementor-element elementor-element-ded2a0f elementor-section-boxed elementor-section-height-default elementor-section-height-default\" data-id=\"ded2a0f\" data-element_type=\"section\" data-e-type=\"section\" data-settings=\"{&quot;background_background&quot;:&quot;classic&quot;}\">\n\t\t\t\t\t\t<div class=\"elementor-container elementor-column-gap-default\">\n\t\t\t\t\t<div class=\"elementor-column elementor-col-100 elementor-top-column elementor-element elementor-element-4063de0\" data-id=\"4063de0\" data-element_type=\"column\" data-e-type=\"column\">\n\t\t\t<div class=\"elementor-widget-wrap elementor-element-populated\">\n\t\t\t\t\t\t<div class=\"elementor-element elementor-element-39234a3 elementor-widget elementor-widget-pls-heading\" data-id=\"39234a3\" data-element_type=\"widget\" data-e-type=\"widget\" data-widget_type=\"pls-heading.default\">\n\t\t\t\t<div class=\"elementor-widget-container\">\n\t\t\t\t\t<div id=\"pls-header-34874\" class=\"pls-element pls-heading pls-text-center separator-none\">\t\n\t\t\t\n\t\t\t<div class=\"heading-wrap\">\n\t\t\t<span class=\"separator-left\"><\/span>\n\t\t\t<h2 class=\"heading-title\">Transformez votre vision en une r\u00e9alit\u00e9 exquise.<br> D\u00e9couvrez avec nous l\u2019art de l\u2019\u00e9l\u00e9gance personnalis\u00e9e !<\/h2>\t\t\t<span class=\"separator-right\"><\/span>\n\t\t\t\t\t<\/div>\n\t\t\n    <\/div>\t\t\t\t<\/div>\n\t\t\t\t<\/div>\n\t\t\t\t<section class=\"elementor-section elementor-inner-section elementor-element elementor-element-180410a elementor-section-boxed elementor-section-height-default elementor-section-height-default\" data-id=\"180410a\" data-element_type=\"section\" data-e-type=\"section\">\n\t\t\t\t\t\t<div class=\"elementor-container elementor-column-gap-default\">\n\t\t\t\t\t<div class=\"elementor-column elementor-col-33 elementor-inner-column elementor-element elementor-element-f5010d4\" data-id=\"f5010d4\" data-element_type=\"column\" data-e-type=\"column\">\n\t\t\t<div class=\"elementor-widget-wrap elementor-element-populated\">\n\t\t\t\t\t\t<div class=\"elementor-element elementor-element-b49e69e elementor-widget elementor-widget-pls-button\" data-id=\"b49e69e\" data-element_type=\"widget\" data-e-type=\"widget\" data-widget_type=\"pls-button.default\">\n\t\t\t\t<div class=\"elementor-widget-container\">\n\t\t\t\t\t<div id=\"pls-button-53595\" class=\"pls-element pls-button\">\n\t<a class=\"button btn-style-outline btn-shape-square\" href=\"tel:(514) 278-9597\" >\n\t\tAppelez-nous\t<\/a>\n<\/div>\n\t\t\t\t<\/div>\n\t\t\t\t<\/div>\n\t\t\t\t\t<\/div>\n\t\t<\/div>\n\t\t\t\t<div class=\"elementor-column elementor-col-33 elementor-inner-column elementor-element elementor-element-4a6b226\" data-id=\"4a6b226\" data-element_type=\"column\" data-e-type=\"column\">\n\t\t\t<div class=\"elementor-widget-wrap elementor-element-populated\">\n\t\t\t\t\t\t<div class=\"elementor-element elementor-element-8d463a9 elementor-widget__width-initial elementor-widget elementor-widget-pls-button\" data-id=\"8d463a9\" data-element_type=\"widget\" data-e-type=\"widget\" data-widget_type=\"pls-button.default\">\n\t\t\t\t<div class=\"elementor-widget-container\">\n\t\t\t\t\t<div id=\"pls-button-56247\" class=\"pls-element pls-button\">\n\t<a class=\"button btn-style-outline btn-shape-square\" href=\"\/custom-jewelry\/\" >\n\t\tBijoux Personnalis\u00e9s\t<\/a>\n<\/div>\n\t\t\t\t<\/div>\n\t\t\t\t<\/div>\n\t\t\t\t\t<\/div>\n\t\t<\/div>\n\t\t\t\t<div class=\"elementor-column elementor-col-33 elementor-inner-column elementor-element elementor-element-9b60999\" data-id=\"9b60999\" data-element_type=\"column\" data-e-type=\"column\">\n\t\t\t<div class=\"elementor-widget-wrap elementor-element-populated\">\n\t\t\t\t\t\t<div class=\"elementor-element elementor-element-07b2884 elementor-widget elementor-widget-pls-button\" data-id=\"07b2884\" data-element_type=\"widget\" data-e-type=\"widget\" data-widget_type=\"pls-button.default\">\n\t\t\t\t<div class=\"elementor-widget-container\">\n\t\t\t\t\t<div id=\"pls-button-87923\" class=\"pls-element pls-button\">\n\t<a class=\"button btn-style-outline btn-shape-square\" href=\"\/jewelry-repairs\/\" >\n\t\tR\u00e9parations de bijoux\t<\/a>\n<\/div>\n\t\t\t\t<\/div>\n\t\t\t\t<\/div>\n\t\t\t\t\t<\/div>\n\t\t<\/div>\n\t\t\t\t\t<\/div>\n\t\t<\/section>\n\t\t\t\t\t<\/div>\n\t\t<\/div>\n\t\t\t\t\t<\/div>\n\t\t<\/section>\n\t\t\t\t<\/div>","protected":false},"excerpt":{"rendered":"<p>Sergio Porcari, Master Jeweller Nestled in Montreal&#8217;s Little Italy, Oritalia Jewellers has been a cherished destination for discerning clients since 1986. Specializing in unique, high-quality pieces, Oritalia offers an extensive<\/p>","protected":false},"author":1,"featured_media":0,"parent":0,"menu_order":0,"comment_status":"closed","ping_status":"closed","template":"","meta":{"om_disable_all_campaigns":false,"_monsterinsights_skip_tracking":false,"_monsterinsights_sitenote_active":false,"_monsterinsights_sitenote_note":"","_monsterinsights_sitenote_category":0,"_uf_show_specific_survey":0,"_uf_disable_surveys":false,"footnotes":""},"class_list":["post-111","page","type-page","status-publish","hentry"],"aioseo_notices":[],"_links":{"self":[{"href":"http:\/\/oritalia.ca\/fr\/wp-json\/wp\/v2\/pages\/111","targetHints":{"allow":["GET"]}}],"collection":[{"href":"http:\/\/oritalia.ca\/fr\/wp-json\/wp\/v2\/pages"}],"about":[{"href":"http:\/\/oritalia.ca\/fr\/wp-json\/wp\/v2\/types\/page"}],"author":[{"embeddable":true,"href":"http:\/\/oritalia.ca\/fr\/wp-json\/wp\/v2\/users\/1"}],"replies":[{"embeddable":true,"href":"http:\/\/oritalia.ca\/fr\/wp-json\/wp\/v2\/comments?post=111"}],"version-history":[{"count":50,"href":"http:\/\/oritalia.ca\/fr\/wp-json\/wp\/v2\/pages\/111\/revisions"}],"predecessor-version":[{"id":1463,"href":"http:\/\/oritalia.ca\/fr\/wp-json\/wp\/v2\/pages\/111\/revisions\/1463"}],"wp:attachment":[{"href":"http:\/\/oritalia.ca\/fr\/wp-json\/wp\/v2\/media?parent=111"}],"curies":[{"name":"wp","href":"https:\/\/api.w.org\/{rel}","templated":true}]}}