{"id":118,"date":"2023-02-17T11:17:08","date_gmt":"2023-02-17T11:17:08","guid":{"rendered":"https:\/\/alukas.presslayouts.com\/dummy\/?page_id=118"},"modified":"2024-09-21T20:28:29","modified_gmt":"2024-09-21T20:28:29","slug":"contact","status":"publish","type":"page","link":"https:\/\/oritalia.ca\/fr\/contact\/","title":{"rendered":"Contactez-nous"},"content":{"rendered":"<div data-elementor-type=\"wp-page\" data-elementor-id=\"118\" class=\"elementor elementor-118\">\n\t\t\t\t\t\t<section class=\"elementor-section elementor-top-section elementor-element elementor-element-b941b03 elementor-section-height-min-height elementor-section-items-stretch elementor-section-boxed elementor-section-height-default\" data-id=\"b941b03\" data-element_type=\"section\" data-e-type=\"section\">\n\t\t\t\t\t\t<div class=\"elementor-container elementor-column-gap-default\">\n\t\t\t\t\t<div class=\"elementor-column elementor-col-100 elementor-top-column elementor-element elementor-element-df883c5\" data-id=\"df883c5\" data-element_type=\"column\" data-e-type=\"column\">\n\t\t\t<div class=\"elementor-widget-wrap elementor-element-populated\">\n\t\t\t\t\t\t<div class=\"elementor-element elementor-element-7dd20e9 elementor-widget elementor-widget-google_maps\" data-id=\"7dd20e9\" data-element_type=\"widget\" data-e-type=\"widget\" data-widget_type=\"google_maps.default\">\n\t\t\t\t<div class=\"elementor-widget-container\">\n\t\t\t\t\t\t\t<div class=\"elementor-custom-embed\">\n\t\t\t<iframe loading=\"lazy\"\n\t\t\t\t\tsrc=\"https:\/\/maps.google.com\/maps?q=6969%20Boulevard%20St-Laurent%2C%20Montr%C3%A9al%2C%20QC%2C%20H2S%203E1&#038;t=m&#038;z=17&#038;output=embed&#038;iwloc=near\"\n\t\t\t\t\ttitle=\"6969 Boulevard St-Laurent, Montr\u00e9al, QC, H2S 3E1\"\n\t\t\t\t\taria-label=\"6969 Boulevard St-Laurent, Montr\u00e9al, QC, H2S 3E1\"\n\t\t\t><\/iframe>\n\t\t<\/div>\n\t\t\t\t\t\t<\/div>\n\t\t\t\t<\/div>\n\t\t\t\t\t<\/div>\n\t\t<\/div>\n\t\t\t\t\t<\/div>\n\t\t<\/section>\n\t\t\t\t<section class=\"elementor-section elementor-top-section elementor-element elementor-element-09ad939 elementor-section-boxed elementor-section-height-default elementor-section-height-default\" data-id=\"09ad939\" data-element_type=\"section\" data-e-type=\"section\">\n\t\t\t\t\t\t<div class=\"elementor-container elementor-column-gap-default\">\n\t\t\t\t\t<div class=\"elementor-column elementor-col-100 elementor-top-column elementor-element elementor-element-16e5021\" data-id=\"16e5021\" data-element_type=\"column\" data-e-type=\"column\">\n\t\t\t<div class=\"elementor-widget-wrap elementor-element-populated\">\n\t\t\t\t\t\t<section class=\"elementor-section elementor-inner-section elementor-element elementor-element-588ab87 elementor-section-boxed elementor-section-height-default elementor-section-height-default\" data-id=\"588ab87\" data-element_type=\"section\" data-e-type=\"section\">\n\t\t\t\t\t\t<div class=\"elementor-container elementor-column-gap-default\">\n\t\t\t\t\t<div class=\"elementor-column elementor-col-33 elementor-inner-column elementor-element elementor-element-9a59ea1\" data-id=\"9a59ea1\" data-element_type=\"column\" data-e-type=\"column\">\n\t\t\t<div class=\"elementor-widget-wrap elementor-element-populated\">\n\t\t\t\t\t\t<div class=\"elementor-element elementor-element-0dcd7b9 elementor-widget elementor-widget-pls-infobox\" data-id=\"0dcd7b9\" data-element_type=\"widget\" data-e-type=\"widget\" data-widget_type=\"pls-infobox.default\">\n\t\t\t\t<div class=\"elementor-widget-container\">\n\t\t\t\t\t<div id=\"pls-info-box-64373\" class=\"pls-element pls-info-box icon-effect-none icon-simple icon-top color-scheme-inherit hover-color-scheme-inherit text-center\">\n\t<div class=\"info-box-wrap\"  >\n\t\t<div class=\"box-icon-wrap\">\n\t\t\t\t\t\t\t<div class=\"info-box-icon\"><i aria-hidden=\"true\" class=\"lnr lnr-map-marker\"><\/i><\/div>\n\t\t\t\t\t<\/div>\n\t\t<div class=\"info-box-content\">\n\t\t\t\t\t\t\t\t\t\t<div class=\"info-box-title mb\" >\t\t\t\t\n\t\t\t\t\t<h4>Notre Magasin<\/h4>\t\t\t\t\t\n\t\t\t\t<\/div>\n\t\t\t\t\t\t\t\t\t\t<div class=\"info-box-description mb\">\n\t\t\t\t\t<p>6969 Boulevard St-Laurent, <br>Montr\u00e9al, Quebec\n<br> H2S 3E1<\/p>\n\t\t\t\t<\/div>\n\t\t\t\t\t<\/div>\n\t<\/div>\n<\/div>\t\t\t\t<\/div>\n\t\t\t\t<\/div>\n\t\t\t\t\t<\/div>\n\t\t<\/div>\n\t\t\t\t<div class=\"elementor-column elementor-col-33 elementor-inner-column elementor-element elementor-element-6a9afbf\" data-id=\"6a9afbf\" data-element_type=\"column\" data-e-type=\"column\">\n\t\t\t<div class=\"elementor-widget-wrap elementor-element-populated\">\n\t\t\t\t\t\t<div class=\"elementor-element elementor-element-1cf9f0f elementor-widget elementor-widget-pls-infobox\" data-id=\"1cf9f0f\" data-element_type=\"widget\" data-e-type=\"widget\" data-widget_type=\"pls-infobox.default\">\n\t\t\t\t<div class=\"elementor-widget-container\">\n\t\t\t\t\t<div id=\"pls-info-box-27064\" class=\"pls-element pls-info-box icon-effect-none icon-simple icon-top color-scheme-inherit hover-color-scheme-inherit text-center\">\n\t<div class=\"info-box-wrap\"  >\n\t\t<div class=\"box-icon-wrap\">\n\t\t\t\t\t\t\t<div class=\"info-box-icon\"><i aria-hidden=\"true\" class=\"picon picon-phone\"><\/i><\/div>\n\t\t\t\t\t<\/div>\n\t\t<div class=\"info-box-content\">\n\t\t\t\t\t\t\t\t\t\t<div class=\"info-box-title mb\" >\t\t\t\t\n\t\t\t\t\t<h4>Contactez-Nous<\/h4>\t\t\t\t\t\n\t\t\t\t<\/div>\n\t\t\t\t\t\t\t\t\t\t<div class=\"info-box-description mb\">\n\t\t\t\t\t<p>Num\u00e9ro de T\u00e9l\u00e9phone : +1 (514) 278-9597 <br \/>\nE-mail: oritaliaca@gmail.com<\/p>\n\t\t\t\t<\/div>\n\t\t\t\t\t<\/div>\n\t<\/div>\n<\/div>\t\t\t\t<\/div>\n\t\t\t\t<\/div>\n\t\t\t\t<div class=\"elementor-element elementor-element-8b04da4 elementor-widget elementor-widget-pls-social-buttons\" data-id=\"8b04da4\" data-element_type=\"widget\" data-e-type=\"widget\" data-widget_type=\"pls-social-buttons.default\">\n\t\t\t\t<div class=\"elementor-widget-container\">\n\t\t\t\t\t<div class=\"pls-element pls-social-button-wrap pls-social-buttons text-center\">\n\t\t\t\t\t<div class=\"pls-social icons-default icons-shape-circle icons-size-default\">\t\t\t\t\t\r\n\t\t\t\t\t<span class=\"social-title\">Share:<\/span>\r\n\t\t\t\t\t<a href=\"https:\/\/www.facebook.com\/people\/Joaillerie-Oritalia\/61562350745061\/\" rel=\"external noopener\" target=\"_blank\" class=\"social-facebook\"><i class=\"picon-facebook\"><\/i> <span class=\"social-text\">Facebook<\/span><\/a><a href=\"https:\/\/www.linkedin.com\/company\/joaillerie-oritalia\/about\/?viewAsMember=true\" rel=\"external noopener\" target=\"_blank\" class=\"social-linkedin\"><i class=\"picon-linkedin\"><\/i> <span class=\"social-text\">LinkedIn<\/span><\/a><a href=\"https:\/\/www.tiktok.com\/@joaillerie.oritalia\" rel=\"external noopener\" target=\"_blank\" class=\"social-tiktok\"><i class=\"picon-tik-tok\"><\/i> <span class=\"social-text\">TikTok<\/span><\/a><a href=\"https:\/\/www.instagram.com\/joaillerie.oritalia\/\" rel=\"external noopener\" target=\"_blank\" class=\"social-instagram\"><i class=\"picon-instagram\"><\/i> <span class=\"social-text\">Instagram<\/span><\/a>\t\t\t\t<\/div>\r\n\t\t\t<\/div>\t\t\t\t<\/div>\n\t\t\t\t<\/div>\n\t\t\t\t\t<\/div>\n\t\t<\/div>\n\t\t\t\t<div class=\"elementor-column elementor-col-33 elementor-inner-column elementor-element elementor-element-5445624\" data-id=\"5445624\" data-element_type=\"column\" data-e-type=\"column\">\n\t\t\t<div class=\"elementor-widget-wrap elementor-element-populated\">\n\t\t\t\t\t\t<div class=\"elementor-element elementor-element-b54135f elementor-widget elementor-widget-pls-infobox\" data-id=\"b54135f\" data-element_type=\"widget\" data-e-type=\"widget\" data-widget_type=\"pls-infobox.default\">\n\t\t\t\t<div class=\"elementor-widget-container\">\n\t\t\t\t\t<div id=\"pls-info-box-93587\" class=\"pls-element pls-info-box icon-effect-none icon-simple icon-top color-scheme-inherit hover-color-scheme-inherit text-center\">\n\t<div class=\"info-box-wrap\"  >\n\t\t<div class=\"box-icon-wrap\">\n\t\t\t\t\t\t\t<div class=\"info-box-icon\"><i aria-hidden=\"true\" class=\"picon picon-alarm-clock\"><\/i><\/div>\n\t\t\t\t\t<\/div>\n\t\t<div class=\"info-box-content\">\n\t\t\t\t\t\t\t\t\t\t<div class=\"info-box-title mb\" >\t\t\t\t\n\t\t\t\t\t<h4>Horaires D\u2019Ouverture<\/h4>\t\t\t\t\t\n\t\t\t\t<\/div>\n\t\t\t\t\t\t\t\t\t\t<div class=\"info-box-description mb\">\n\t\t\t\t\t<p>Du Lundi au Samedi : 10h - 16h30<br>Sur rendez-vous apr\u00e8s 16h30<br> Dimanche : Ferm\u00e9<\/p>\n\t\t\t\t<\/div>\n\t\t\t\t\t<\/div>\n\t<\/div>\n<\/div>\t\t\t\t<\/div>\n\t\t\t\t<\/div>\n\t\t\t\t\t<\/div>\n\t\t<\/div>\n\t\t\t\t\t<\/div>\n\t\t<\/section>\n\t\t\t\t\t<\/div>\n\t\t<\/div>\n\t\t\t\t\t<\/div>\n\t\t<\/section>\n\t\t\t\t<section class=\"elementor-section elementor-top-section elementor-element elementor-element-d4a1da7 elementor-section-boxed elementor-section-height-default elementor-section-height-default\" data-id=\"d4a1da7\" data-element_type=\"section\" data-e-type=\"section\">\n\t\t\t\t\t\t<div class=\"elementor-container elementor-column-gap-default\">\n\t\t\t\t\t<div class=\"elementor-column elementor-col-100 elementor-top-column elementor-element elementor-element-bfe2ddf\" data-id=\"bfe2ddf\" data-element_type=\"column\" data-e-type=\"column\">\n\t\t\t<div class=\"elementor-widget-wrap elementor-element-populated\">\n\t\t\t\t\t\t<div class=\"elementor-element elementor-element-d31ad2c elementor-widget elementor-widget-pls-heading\" data-id=\"d31ad2c\" data-element_type=\"widget\" data-e-type=\"widget\" data-widget_type=\"pls-heading.default\">\n\t\t\t\t<div class=\"elementor-widget-container\">\n\t\t\t\t\t<div id=\"pls-header-62252\" class=\"pls-element pls-heading pls-text-center separator-none\">\t\n\t\t\t\n\t\t\t<div class=\"heading-wrap\">\n\t\t\t<span class=\"separator-left\"><\/span>\n\t\t\t<h2 class=\"heading-title\">Vous avez une question ? Envoyez-nous un message<\/h2>\t\t\t<span class=\"separator-right\"><\/span>\n\t\t\t\t\t<\/div>\n\t\t\n    <\/div>\t\t\t\t<\/div>\n\t\t\t\t<\/div>\n\t\t\t\t<div class=\"elementor-element elementor-element-1ae9318 elementor-widget elementor-widget-pls-contactus\" data-id=\"1ae9318\" data-element_type=\"widget\" data-e-type=\"widget\" data-widget_type=\"pls-contactus.default\">\n\t\t\t\t<div class=\"elementor-widget-container\">\n\t\t\t\t\t<div class=\"pls-element pls-contact-us shape-square\">\n\t\n<div class=\"wpcf7 no-js\" id=\"wpcf7-f202-o1\" lang=\"en-US\" dir=\"ltr\" data-wpcf7-id=\"202\">\n<div class=\"screen-reader-response\"><p role=\"status\" aria-live=\"polite\" aria-atomic=\"true\"><\/p> <ul><\/ul><\/div>\n<form action=\"\/fr\/wp-json\/wp\/v2\/pages\/118#wpcf7-f202-o1\" method=\"post\" class=\"wpcf7-form init\" aria-label=\"Contact form\" novalidate=\"novalidate\" data-status=\"init\" data-trp-original-action=\"\/fr\/wp-json\/wp\/v2\/pages\/118#wpcf7-f202-o1\">\n<fieldset class=\"hidden-fields-container\"><input type=\"hidden\" name=\"_wpcf7\" value=\"202\" \/><input type=\"hidden\" name=\"_wpcf7_version\" value=\"6.1.5\" \/><input type=\"hidden\" name=\"_wpcf7_locale\" value=\"en_US\" \/><input type=\"hidden\" name=\"_wpcf7_unit_tag\" value=\"wpcf7-f202-o1\" \/><input type=\"hidden\" name=\"_wpcf7_container_post\" value=\"0\" \/><input type=\"hidden\" name=\"_wpcf7_posted_data_hash\" value=\"\" \/><input type=\"hidden\" name=\"_wpcf7_recaptcha_response\" value=\"\" \/>\n<\/fieldset>\n<div class=\"row\">\n\t<div class=\"col-12 col-md-6\">\n\t\t<p><span class=\"wpcf7-form-control-wrap\" data-name=\"your-name\"><input size=\"40\" maxlength=\"400\" class=\"wpcf7-form-control wpcf7-text wpcf7-validates-as-required\" aria-required=\"true\" aria-invalid=\"false\" placeholder=\"Nom\" value=\"\" type=\"text\" name=\"your-name\" \/><\/span>\n\t\t<\/p>\n\t<\/div>\n\t<div class=\"col-12 col-md-6\">\n\t\t<p><span class=\"wpcf7-form-control-wrap\" data-name=\"your-email\"><input size=\"40\" maxlength=\"400\" class=\"wpcf7-form-control wpcf7-email wpcf7-validates-as-required wpcf7-text wpcf7-validates-as-email\" autocomplete=\"email\" aria-required=\"true\" aria-invalid=\"false\" placeholder=\"Address Email\" value=\"\" type=\"email\" name=\"your-email\" \/><\/span>\n\t\t<\/p>\n\t<\/div>\n\t<div class=\"col-12\">\n\t\t<p><span class=\"wpcf7-form-control-wrap\" data-name=\"your-subject\"><input size=\"40\" maxlength=\"400\" class=\"wpcf7-form-control wpcf7-text wpcf7-validates-as-required\" aria-required=\"true\" aria-invalid=\"false\" placeholder=\"Sujet\" value=\"\" type=\"text\" name=\"your-subject\" \/><\/span>\n\t\t<\/p>\n\t<\/div>\n\t<div class=\"col-12\">\n\t\t<p><span class=\"wpcf7-form-control-wrap\" data-name=\"your-message\"><textarea cols=\"40\" rows=\"10\" maxlength=\"2000\" class=\"wpcf7-form-control wpcf7-textarea\" aria-invalid=\"false\" placeholder=\"Message\" name=\"your-message\"><\/textarea><\/span>\n\t\t<\/p>\n\t<\/div>\n<span class=\"wpcf7-form-control-wrap recaptcha\" data-name=\"recaptcha\"><span data-sitekey=\"6LeKk3sqAAAAAFunmPVs3zqcl87EFnDEZLx_5DwY\" class=\"wpcf7-form-control wpcf7-recaptcha g-recaptcha\"><\/span>\r\n<noscript>\r\n\t<div class=\"grecaptcha-noscript\">\r\n\t\t<iframe src=\"https:\/\/www.google.com\/recaptcha\/api\/fallback?k=6LeKk3sqAAAAAFunmPVs3zqcl87EFnDEZLx_5DwY\" frameborder=\"0\" scrolling=\"no\" width=\"310\" height=\"430\">\r\n\t\t<\/iframe>\r\n\t\t<textarea name=\"g-recaptcha-response\" rows=\"3\" cols=\"40\" placeholder=\"reCaptcha Response Here\">\r\n\t\t<\/textarea>\r\n\t<\/div>\r\n<\/noscript>\r\n<\/span>\n\t<div class=\"col-12\">\n\t\t<p><input class=\"wpcf7-form-control wpcf7-submit has-spinner pls-button-expand\" type=\"submit\" value=\"Envoyer\" \/>\n\t\t<\/p>\n\t<\/div>\n<\/div><div class=\"wpcf7-response-output\" aria-hidden=\"true\"><\/div>\n<input type=\"hidden\" name=\"trp-form-language\" value=\"fr\"\/><\/form>\n<\/div>\n<\/div>\t\t\t\t<\/div>\n\t\t\t\t<\/div>\n\t\t\t\t\t<\/div>\n\t\t<\/div>\n\t\t\t\t\t<\/div>\n\t\t<\/section>\n\t\t\t\t<\/div>","protected":false},"excerpt":{"rendered":"<p>OUR STORE 6969 Boulevard St-Laurent, Montr\u00e9al, Quebec H2S 3E1 CONTACT INFO Phone Number: +1 (514) 278-9597 E-mail: oritaliaca@gmail.com Share: Facebook LinkedIn TikTok Instagram BUSNESS HOURS Mon-Sat: 10am &#8211; 4:30pmBy appointment<\/p>","protected":false},"author":1,"featured_media":0,"parent":0,"menu_order":0,"comment_status":"closed","ping_status":"closed","template":"","meta":{"om_disable_all_campaigns":false,"_monsterinsights_skip_tracking":false,"_monsterinsights_sitenote_active":false,"_monsterinsights_sitenote_note":"","_monsterinsights_sitenote_category":0,"_uf_show_specific_survey":0,"_uf_disable_surveys":false,"footnotes":""},"class_list":["post-118","page","type-page","status-publish","hentry"],"aioseo_notices":[],"_links":{"self":[{"href":"https:\/\/oritalia.ca\/fr\/wp-json\/wp\/v2\/pages\/118","targetHints":{"allow":["GET"]}}],"collection":[{"href":"https:\/\/oritalia.ca\/fr\/wp-json\/wp\/v2\/pages"}],"about":[{"href":"https:\/\/oritalia.ca\/fr\/wp-json\/wp\/v2\/types\/page"}],"author":[{"embeddable":true,"href":"https:\/\/oritalia.ca\/fr\/wp-json\/wp\/v2\/users\/1"}],"replies":[{"embeddable":true,"href":"https:\/\/oritalia.ca\/fr\/wp-json\/wp\/v2\/comments?post=118"}],"version-history":[{"count":14,"href":"https:\/\/oritalia.ca\/fr\/wp-json\/wp\/v2\/pages\/118\/revisions"}],"predecessor-version":[{"id":1395,"href":"https:\/\/oritalia.ca\/fr\/wp-json\/wp\/v2\/pages\/118\/revisions\/1395"}],"wp:attachment":[{"href":"https:\/\/oritalia.ca\/fr\/wp-json\/wp\/v2\/media?parent=118"}],"curies":[{"name":"wp","href":"https:\/\/api.w.org\/{rel}","templated":true}]}}